{"id":10,"date":"2026-01-02T13:45:30","date_gmt":"2026-01-02T13:45:30","guid":{"rendered":"https:\/\/ferreteriamontana.rkinformatika.online\/?page_id=10"},"modified":"2026-01-02T17:00:33","modified_gmt":"2026-01-02T17:00:33","slug":"inicio","status":"publish","type":"page","link":"https:\/\/ferreteriamontana.com\/eu\/","title":{"rendered":"Hasiera"},"content":{"rendered":"<div data-elementor-type=\"wp-page\" data-elementor-id=\"10\" class=\"elementor elementor-10\" data-elementor-post-type=\"page\">\n\t\t\t\t<div class=\"elementor-element elementor-element-dd2f3a1 e-flex e-con-boxed e-con e-parent\" data-id=\"dd2f3a1\" data-element_type=\"container\" data-e-type=\"container\" data-settings=\"{&quot;background_background&quot;:&quot;classic&quot;}\">\n\t\t\t\t\t<div class=\"e-con-inner\">\n\t\t\t\t\t<\/div>\n\t\t\t\t<\/div>\n\t\t<div class=\"elementor-element elementor-element-de1cc3a e-flex e-con-boxed e-con e-parent\" data-id=\"de1cc3a\" data-element_type=\"container\" data-e-type=\"container\" data-settings=\"{&quot;background_background&quot;:&quot;classic&quot;}\">\n\t\t\t\t\t<div class=\"e-con-inner\">\n\t\t<div class=\"elementor-element elementor-element-aeef4a1 e-con-full e-flex e-con e-child\" data-id=\"aeef4a1\" data-element_type=\"container\" data-e-type=\"container\">\n\t\t\t\t<div class=\"elementor-element elementor-element-d5a6594 elementor-widget elementor-widget-heading\" data-id=\"d5a6594\" data-element_type=\"widget\" data-e-type=\"widget\" data-widget_type=\"heading.default\">\n\t\t\t\t\t<h2 class=\"elementor-heading-title elementor-size-default\">Guri Buruz<\/h2>\t\t\t\t<\/div>\n\t\t\t\t<div class=\"elementor-element elementor-element-4e76346 elementor-widget elementor-widget-text-editor\" data-id=\"4e76346\" data-element_type=\"widget\" data-e-type=\"widget\" data-widget_type=\"text-editor.default\">\n\t\t\t\t\t\t\t\t\t<p>Ferreter\u00eda Monta\u00f1a \u2013 Cadena 88 erreferentziazko denda da Gurutzeta-Barakaldo erdialdean, 1960an hasitako ibilbidea duena. Mende erdi baino gehiagoko esperientziarekin eta gaur egun hirugarren belaunaldia buru dugula, hasieratik ezaugarri izan dugun hurbiltasun, konpromiso eta profesionaltasun espirituari eusten diogu.<\/p><p>Gure lehentasuna zerbitzu eraginkorra eskaintzea da, kalitatean, konfiantzan eta gure bezeroentzat soluzio lehiakorrak etengabe bilatzean oinarritua. Egunero lan egiten dugu arreta pertsonalizatua emateko, pertsona bakoitzaren benetako beharretara egokituz eta erantzun praktiko eta eraginkorrak emanez.<\/p><p>Duela bost urte baino gehiagotik CADENA 88 erosketa eta zerbitzuen zentraleko kide gara, eta horrek aukera ematen digu gure zerbitzu ahalmena indartzeko eta eboluzionatzen jarraitzeko, konfiantzazko tokiko merkataritza gisa dugun nortasuna galdu gabe.<\/p><p>Ferreter\u00eda Monta\u00f1an esperientziaren, gertuko tratuaren eta etengabeko hobekuntzaren aldeko apustua egiten dugu, beti gure bezeroei zerbitzurik onena eta dedikaziorik handiena eskainiz.<\/p>\t\t\t\t\t\t\t\t<\/div>\n\t\t\t\t<\/div>\n\t\t<div class=\"elementor-element elementor-element-dbea628 e-con-full e-flex e-con e-child\" data-id=\"dbea628\" data-element_type=\"container\" data-e-type=\"container\">\n\t\t\t\t<div class=\"elementor-element elementor-element-96b1cc0 elementor-widget elementor-widget-image\" data-id=\"96b1cc0\" data-element_type=\"widget\" data-e-type=\"widget\" data-widget_type=\"image.default\">\n\t\t\t\t\t\t\t\t\t\t\t\t\t\t\t<img fetchpriority=\"high\" decoding=\"async\" width=\"800\" height=\"947\" src=\"https:\/\/ferreteriamontana.com\/wp-content\/uploads\/2026\/01\/Diseno-sin-titulo-2.png\" class=\"attachment-large size-large wp-image-92\" alt=\"\" srcset=\"https:\/\/ferreteriamontana.com\/wp-content\/uploads\/2026\/01\/Diseno-sin-titulo-2.png 837w, https:\/\/ferreteriamontana.com\/wp-content\/uploads\/2026\/01\/Diseno-sin-titulo-2-253x300.png 253w, https:\/\/ferreteriamontana.com\/wp-content\/uploads\/2026\/01\/Diseno-sin-titulo-2-768x909.png 768w, https:\/\/ferreteriamontana.com\/wp-content\/uploads\/2026\/01\/Diseno-sin-titulo-2-10x12.png 10w\" sizes=\"(max-width: 800px) 100vw, 800px\" \/>\t\t\t\t\t\t\t\t\t\t\t\t\t\t\t<\/div>\n\t\t\t\t<\/div>\n\t\t\t\t\t<\/div>\n\t\t\t\t<\/div>\n\t\t<div class=\"elementor-element elementor-element-d2af8d7 e-con-full e-flex e-con e-parent\" data-id=\"d2af8d7\" data-element_type=\"container\" data-e-type=\"container\" data-settings=\"{&quot;background_background&quot;:&quot;classic&quot;}\">\n\t\t\t\t<div class=\"elementor-element elementor-element-e95f4ad elementor-cta--skin-cover elementor-animated-content elementor-bg-transform elementor-bg-transform-zoom-in elementor-widget elementor-widget-call-to-action\" data-id=\"e95f4ad\" data-element_type=\"widget\" data-e-type=\"widget\" data-widget_type=\"call-to-action.default\">\n\t\t\t\t\t\t\t<div class=\"elementor-cta\">\n\t\t\t\t\t<div class=\"elementor-cta__bg-wrapper\">\n\t\t\t\t<div class=\"elementor-cta__bg elementor-bg\" style=\"background-image: url(https:\/\/ferreteriamontana.com\/wp-content\/uploads\/2026\/01\/2150269687-1024x683.jpg);\" role=\"img\" aria-label=\"2150269687\"><\/div>\n\t\t\t\t<div class=\"elementor-cta__bg-overlay\"><\/div>\n\t\t\t<\/div>\n\t\t\t\t\t\t\t<div class=\"elementor-cta__content\">\n\t\t\t\t\n\t\t\t\t\t\t\t\t\t<h2 class=\"elementor-cta__title elementor-cta__content-item elementor-content-item elementor-animated-item--grow\">\n\t\t\t\t\t\tEsperientzia, konfiantza eta konponbideak 1960tik.\t\t\t\t\t<\/h2>\n\t\t\t\t\n\t\t\t\t\n\t\t\t\t\t\t\t\t\t<div class=\"elementor-cta__button-wrapper elementor-cta__content-item elementor-content-item elementor-animated-item--grow\">\n\t\t\t\t\t<a class=\"elementor-cta__button elementor-button elementor-size-\" href=\"https:\/\/ferreteriamontana.com\/eu\/productos\/\">\n\t\t\t\t\t\tProduktuak\t\t\t\t\t<\/a>\n\t\t\t\t\t<\/div>\n\t\t\t\t\t\t\t<\/div>\n\t\t\t\t\t\t<\/div>\n\t\t\t\t\t\t<\/div>\n\t\t\t\t<\/div>\n\t\t\t\t<\/div>","protected":false},"excerpt":{"rendered":"<p>Sobre Nosotros Ferreter\u00eda Monta\u00f1a \u2013 Cadena 88 es un comercio de referencia en el centro de Cruces\u2013Barakaldo, con una trayectoria que se remonta a 1960. Con m\u00e1s de medio siglo de experiencia y actualmente con la tercera generaci\u00f3n al frente, seguimos manteniendo el esp\u00edritu de cercan\u00eda, compromiso y profesionalidad que nos ha caracterizado desde nuestros [&hellip;]<\/p>\n","protected":false},"author":1,"featured_media":0,"parent":0,"menu_order":0,"comment_status":"closed","ping_status":"closed","template":"elementor_canvas","meta":{"footnotes":""},"class_list":["post-10","page","type-page","status-publish","hentry"],"yoast_head":"<!-- This site is optimized with the Yoast SEO plugin v27.4 - https:\/\/yoast.com\/product\/yoast-seo-wordpress\/ -->\n<title>Inicio - Ferreter\u00eda Monta\u00f1a<\/title>\n<meta name=\"robots\" content=\"index, follow, max-snippet:-1, max-image-preview:large, max-video-preview:-1\" \/>\n<link rel=\"canonical\" href=\"https:\/\/ferreteriamontana.com\/eu\/\" \/>\n<meta property=\"og:locale\" content=\"en_US\" \/>\n<meta property=\"og:type\" content=\"article\" \/>\n<meta property=\"og:title\" content=\"Inicio - Ferreter\u00eda Monta\u00f1a\" \/>\n<meta property=\"og:description\" content=\"Sobre Nosotros Ferreter\u00eda Monta\u00f1a \u2013 Cadena 88 es un comercio de referencia en el centro de Cruces\u2013Barakaldo, con una trayectoria que se remonta a 1960. Con m\u00e1s de medio siglo de experiencia y actualmente con la tercera generaci\u00f3n al frente, seguimos manteniendo el esp\u00edritu de cercan\u00eda, compromiso y profesionalidad que nos ha caracterizado desde nuestros [&hellip;]\" \/>\n<meta property=\"og:url\" content=\"https:\/\/ferreteriamontana.com\/eu\/\" \/>\n<meta property=\"og:site_name\" content=\"Ferreter\u00eda Monta\u00f1a\" \/>\n<meta property=\"article:modified_time\" content=\"2026-01-02T17:00:33+00:00\" \/>\n<meta property=\"og:image\" content=\"https:\/\/ferreteriamontana.com\/wp-content\/uploads\/2026\/01\/Diseno-sin-titulo-2.png\" \/>\n<meta name=\"twitter:card\" content=\"summary_large_image\" \/>\n<meta name=\"twitter:label1\" content=\"Est. reading time\" \/>\n\t<meta name=\"twitter:data1\" content=\"1 minutua\" \/>\n<script type=\"application\/ld+json\" class=\"yoast-schema-graph\">{\"@context\":\"https:\\\/\\\/schema.org\",\"@graph\":[{\"@type\":\"WebPage\",\"@id\":\"https:\\\/\\\/ferreteriamontana.com\\\/\",\"url\":\"https:\\\/\\\/ferreteriamontana.com\\\/\",\"name\":\"Inicio - Ferreter\u00eda Monta\u00f1a\",\"isPartOf\":{\"@id\":\"https:\\\/\\\/ferreteriamontana.com\\\/#website\"},\"primaryImageOfPage\":{\"@id\":\"https:\\\/\\\/ferreteriamontana.com\\\/#primaryimage\"},\"image\":{\"@id\":\"https:\\\/\\\/ferreteriamontana.com\\\/#primaryimage\"},\"thumbnailUrl\":\"https:\\\/\\\/ferreteriamontana.com\\\/wp-content\\\/uploads\\\/2026\\\/01\\\/Diseno-sin-titulo-2.png\",\"datePublished\":\"2026-01-02T13:45:30+00:00\",\"dateModified\":\"2026-01-02T17:00:33+00:00\",\"breadcrumb\":{\"@id\":\"https:\\\/\\\/ferreteriamontana.com\\\/#breadcrumb\"},\"inLanguage\":\"eu\",\"potentialAction\":[{\"@type\":\"ReadAction\",\"target\":[\"https:\\\/\\\/ferreteriamontana.com\\\/\"]}]},{\"@type\":\"ImageObject\",\"inLanguage\":\"eu\",\"@id\":\"https:\\\/\\\/ferreteriamontana.com\\\/#primaryimage\",\"url\":\"https:\\\/\\\/ferreteriamontana.com\\\/wp-content\\\/uploads\\\/2026\\\/01\\\/Diseno-sin-titulo-2.png\",\"contentUrl\":\"https:\\\/\\\/ferreteriamontana.com\\\/wp-content\\\/uploads\\\/2026\\\/01\\\/Diseno-sin-titulo-2.png\"},{\"@type\":\"BreadcrumbList\",\"@id\":\"https:\\\/\\\/ferreteriamontana.com\\\/#breadcrumb\",\"itemListElement\":[{\"@type\":\"ListItem\",\"position\":1,\"name\":\"Portada\",\"item\":\"https:\\\/\\\/ferreteriamontana.com\\\/\"},{\"@type\":\"ListItem\",\"position\":2,\"name\":\"Inicio\"}]},{\"@type\":\"WebSite\",\"@id\":\"https:\\\/\\\/ferreteriamontana.com\\\/#website\",\"url\":\"https:\\\/\\\/ferreteriamontana.com\\\/\",\"name\":\"Ferreter\u00eda Monta\u00f1a\",\"description\":\"\",\"publisher\":{\"@id\":\"https:\\\/\\\/ferreteriamontana.com\\\/#organization\"},\"potentialAction\":[{\"@type\":\"SearchAction\",\"target\":{\"@type\":\"EntryPoint\",\"urlTemplate\":\"https:\\\/\\\/ferreteriamontana.com\\\/?s={search_term_string}\"},\"query-input\":{\"@type\":\"PropertyValueSpecification\",\"valueRequired\":true,\"valueName\":\"search_term_string\"}}],\"inLanguage\":\"eu\"},{\"@type\":\"Organization\",\"@id\":\"https:\\\/\\\/ferreteriamontana.com\\\/#organization\",\"name\":\"Ferreter\u00eda Monta\u00f1a\",\"url\":\"https:\\\/\\\/ferreteriamontana.com\\\/\",\"logo\":{\"@type\":\"ImageObject\",\"inLanguage\":\"eu\",\"@id\":\"https:\\\/\\\/ferreteriamontana.com\\\/#\\\/schema\\\/logo\\\/image\\\/\",\"url\":\"https:\\\/\\\/ferreteriamontana.com\\\/wp-content\\\/uploads\\\/2026\\\/01\\\/cropped-ferreteriamontana202506_logoticket.jpg\",\"contentUrl\":\"https:\\\/\\\/ferreteriamontana.com\\\/wp-content\\\/uploads\\\/2026\\\/01\\\/cropped-ferreteriamontana202506_logoticket.jpg\",\"width\":413,\"height\":187,\"caption\":\"Ferreter\u00eda Monta\u00f1a\"},\"image\":{\"@id\":\"https:\\\/\\\/ferreteriamontana.com\\\/#\\\/schema\\\/logo\\\/image\\\/\"}}]}<\/script>\n<!-- \/ Yoast SEO plugin. -->","yoast_head_json":{"title":"Inicio - Ferreter\u00eda Monta\u00f1a","robots":{"index":"index","follow":"follow","max-snippet":"max-snippet:-1","max-image-preview":"max-image-preview:large","max-video-preview":"max-video-preview:-1"},"canonical":"https:\/\/ferreteriamontana.com\/eu\/","og_locale":"en_US","og_type":"article","og_title":"Inicio - Ferreter\u00eda Monta\u00f1a","og_description":"Sobre Nosotros Ferreter\u00eda Monta\u00f1a \u2013 Cadena 88 es un comercio de referencia en el centro de Cruces\u2013Barakaldo, con una trayectoria que se remonta a 1960. Con m\u00e1s de medio siglo de experiencia y actualmente con la tercera generaci\u00f3n al frente, seguimos manteniendo el esp\u00edritu de cercan\u00eda, compromiso y profesionalidad que nos ha caracterizado desde nuestros [&hellip;]","og_url":"https:\/\/ferreteriamontana.com\/eu\/","og_site_name":"Ferreter\u00eda Monta\u00f1a","article_modified_time":"2026-01-02T17:00:33+00:00","og_image":[{"url":"https:\/\/ferreteriamontana.com\/wp-content\/uploads\/2026\/01\/Diseno-sin-titulo-2.png","type":"","width":"","height":""}],"twitter_card":"summary_large_image","twitter_misc":{"Est. reading time":"1 minutua"},"schema":{"@context":"https:\/\/schema.org","@graph":[{"@type":"WebPage","@id":"https:\/\/ferreteriamontana.com\/","url":"https:\/\/ferreteriamontana.com\/","name":"Inicio - Ferreter\u00eda Monta\u00f1a","isPartOf":{"@id":"https:\/\/ferreteriamontana.com\/#website"},"primaryImageOfPage":{"@id":"https:\/\/ferreteriamontana.com\/#primaryimage"},"image":{"@id":"https:\/\/ferreteriamontana.com\/#primaryimage"},"thumbnailUrl":"https:\/\/ferreteriamontana.com\/wp-content\/uploads\/2026\/01\/Diseno-sin-titulo-2.png","datePublished":"2026-01-02T13:45:30+00:00","dateModified":"2026-01-02T17:00:33+00:00","breadcrumb":{"@id":"https:\/\/ferreteriamontana.com\/#breadcrumb"},"inLanguage":"eu","potentialAction":[{"@type":"ReadAction","target":["https:\/\/ferreteriamontana.com\/"]}]},{"@type":"ImageObject","inLanguage":"eu","@id":"https:\/\/ferreteriamontana.com\/#primaryimage","url":"https:\/\/ferreteriamontana.com\/wp-content\/uploads\/2026\/01\/Diseno-sin-titulo-2.png","contentUrl":"https:\/\/ferreteriamontana.com\/wp-content\/uploads\/2026\/01\/Diseno-sin-titulo-2.png"},{"@type":"BreadcrumbList","@id":"https:\/\/ferreteriamontana.com\/#breadcrumb","itemListElement":[{"@type":"ListItem","position":1,"name":"Portada","item":"https:\/\/ferreteriamontana.com\/"},{"@type":"ListItem","position":2,"name":"Inicio"}]},{"@type":"WebSite","@id":"https:\/\/ferreteriamontana.com\/#website","url":"https:\/\/ferreteriamontana.com\/","name":"Ferreter\u00eda Monta\u00f1a","description":"","publisher":{"@id":"https:\/\/ferreteriamontana.com\/#organization"},"potentialAction":[{"@type":"SearchAction","target":{"@type":"EntryPoint","urlTemplate":"https:\/\/ferreteriamontana.com\/?s={search_term_string}"},"query-input":{"@type":"PropertyValueSpecification","valueRequired":true,"valueName":"search_term_string"}}],"inLanguage":"eu"},{"@type":"Organization","@id":"https:\/\/ferreteriamontana.com\/#organization","name":"Ferreter\u00eda Monta\u00f1a","url":"https:\/\/ferreteriamontana.com\/","logo":{"@type":"ImageObject","inLanguage":"eu","@id":"https:\/\/ferreteriamontana.com\/#\/schema\/logo\/image\/","url":"https:\/\/ferreteriamontana.com\/wp-content\/uploads\/2026\/01\/cropped-ferreteriamontana202506_logoticket.jpg","contentUrl":"https:\/\/ferreteriamontana.com\/wp-content\/uploads\/2026\/01\/cropped-ferreteriamontana202506_logoticket.jpg","width":413,"height":187,"caption":"Ferreter\u00eda Monta\u00f1a"},"image":{"@id":"https:\/\/ferreteriamontana.com\/#\/schema\/logo\/image\/"}}]}},"_links":{"self":[{"href":"https:\/\/ferreteriamontana.com\/eu\/wp-json\/wp\/v2\/pages\/10","targetHints":{"allow":["GET"]}}],"collection":[{"href":"https:\/\/ferreteriamontana.com\/eu\/wp-json\/wp\/v2\/pages"}],"about":[{"href":"https:\/\/ferreteriamontana.com\/eu\/wp-json\/wp\/v2\/types\/page"}],"author":[{"embeddable":true,"href":"https:\/\/ferreteriamontana.com\/eu\/wp-json\/wp\/v2\/users\/1"}],"replies":[{"embeddable":true,"href":"https:\/\/ferreteriamontana.com\/eu\/wp-json\/wp\/v2\/comments?post=10"}],"version-history":[{"count":40,"href":"https:\/\/ferreteriamontana.com\/eu\/wp-json\/wp\/v2\/pages\/10\/revisions"}],"predecessor-version":[{"id":193,"href":"https:\/\/ferreteriamontana.com\/eu\/wp-json\/wp\/v2\/pages\/10\/revisions\/193"}],"wp:attachment":[{"href":"https:\/\/ferreteriamontana.com\/eu\/wp-json\/wp\/v2\/media?parent=10"}],"curies":[{"name":"wp","href":"https:\/\/api.w.org\/{rel}","templated":true}]}}